{"id":30,"date":"2015-06-13T20:00:12","date_gmt":"2015-06-13T20:00:12","guid":{"rendered":"https:\/\/www.ballooning-adventure.nl\/?page_id=30"},"modified":"2021-06-11T21:17:26","modified_gmt":"2021-06-11T19:17:26","slug":"crew","status":"publish","type":"page","link":"https:\/\/www.ballooning-adventure.nl\/de\/crew\/","title":{"rendered":"Crew-Mitglied"},"content":{"rendered":"<p><\/p>\n<h3><a href=\"https:\/\/www.ballooning-adventure.nl\/wp-content\/uploads\/2021\/06\/5A372CCD-A038-4103-BD33-ACEDD50AF840-scaled.jpeg\"><img loading=\"lazy\" decoding=\"async\" class=\"aligncenter size-medium wp-image-1018\" src=\"https:\/\/www.ballooning-adventure.nl\/wp-content\/uploads\/2021\/06\/5A372CCD-A038-4103-BD33-ACEDD50AF840-300x169.jpeg\" alt=\"\" width=\"300\" height=\"169\" srcset=\"https:\/\/www.ballooning-adventure.nl\/wp-content\/uploads\/2021\/06\/5A372CCD-A038-4103-BD33-ACEDD50AF840-300x169.jpeg 300w, https:\/\/www.ballooning-adventure.nl\/wp-content\/uploads\/2021\/06\/5A372CCD-A038-4103-BD33-ACEDD50AF840-1024x576.jpeg 1024w, https:\/\/www.ballooning-adventure.nl\/wp-content\/uploads\/2021\/06\/5A372CCD-A038-4103-BD33-ACEDD50AF840-768x432.jpeg 768w, https:\/\/www.ballooning-adventure.nl\/wp-content\/uploads\/2021\/06\/5A372CCD-A038-4103-BD33-ACEDD50AF840-1536x864.jpeg 1536w, https:\/\/www.ballooning-adventure.nl\/wp-content\/uploads\/2021\/06\/5A372CCD-A038-4103-BD33-ACEDD50AF840-2048x1152.jpeg 2048w\" sizes=\"auto, (max-width: 300px) 100vw, 300px\" \/><\/a><\/h3>\n<h3><span style=\"color: #ff9900;\"><a style=\"color: #ff9900;\" href=\"https:\/\/www.ballooning-adventure.nl\/wp-content\/uploads\/2015\/06\/IMG_0809.jpg\">Wollen Sie Crew-Mitglied werden?<\/a><\/span><\/h3>\n<p>Wir suchen\u00a0M\u00e4nner und Frauen\u00a0mit Interesse, die uns in ihrer Freizeit helfen wollen. Sie sollten allerdings im Besitz einer Fahrerlaubnis der\u00a0Klasse BE sein und somit die Berechtigung haben einen Anh\u00e4nger im Stra\u00dfenverkehr zu f\u00fchren.<br \/>\nVielleicht haben Sie bereits eine Ballonfahrt aus der N\u00e4he gesehen, oder Sie sind selbst mitgefahren, und m\u00f6chten gerne Crew-Mitglied werden, dann rufen Sie uns unverbindlich an.<\/p>\n<ul>\n<li>Helfen den Ballon auf zu bauen.<\/li>\n<li>Mit unserem Auto und Anh\u00e4nger dem Ballon folgen. Meistens zu zweit, einer f\u00e4hrt und einer liest die Karte.<\/li>\n<li>Den Grundeigent\u00fcmer um Erlaubnis zum Landen bitten.<\/li>\n<li>Ballon wieder abbauen.<\/li>\n<li>Zur\u00fcck zum Startplatz fahren.<\/li>\n<\/ul>\n<p><img loading=\"lazy\" decoding=\"async\" class=\" wp-image-145 alignleft\" src=\"https:\/\/www.ballooning-adventure.nl\/wp-content\/uploads\/2015\/06\/IMG_9612-300x225.jpg\" alt=\"IMG_9612\" width=\"367\" height=\"275\" srcset=\"https:\/\/www.ballooning-adventure.nl\/wp-content\/uploads\/2015\/06\/IMG_9612-300x225.jpg 300w, https:\/\/www.ballooning-adventure.nl\/wp-content\/uploads\/2015\/06\/IMG_9612.jpg 1024w, https:\/\/www.ballooning-adventure.nl\/wp-content\/uploads\/2015\/06\/IMG_9612-900x675.jpg 900w\" sizes=\"auto, (max-width: 367px) 100vw, 367px\" \/><\/p>\n<p><a href=\"https:\/\/www.ballooning-adventure.nl\/wp-content\/uploads\/2015\/06\/photo_2015-06-15_15-24-08.jpg\"><img loading=\"lazy\" decoding=\"async\" class=\" wp-image-663 alignright\" src=\"https:\/\/www.ballooning-adventure.nl\/wp-content\/uploads\/2015\/06\/photo_2015-06-15_15-24-08-1024x682.jpg\" alt=\"photo_2015-06-15_15-24-08\" width=\"415\" height=\"276\" srcset=\"https:\/\/www.ballooning-adventure.nl\/wp-content\/uploads\/2015\/06\/photo_2015-06-15_15-24-08-1024x682.jpg 1024w, https:\/\/www.ballooning-adventure.nl\/wp-content\/uploads\/2015\/06\/photo_2015-06-15_15-24-08-300x200.jpg 300w, https:\/\/www.ballooning-adventure.nl\/wp-content\/uploads\/2015\/06\/photo_2015-06-15_15-24-08.jpg 1280w\" sizes=\"auto, (max-width: 415px) 100vw, 415px\" \/><\/a><\/p>","protected":false},"excerpt":{"rendered":"<p>Wollen Sie Crew-Mitglied werden? Wir suchen\u00a0M\u00e4nner und Frauen\u00a0mit Interesse, die uns in ihrer Freizeit helfen wollen. Sie sollten allerdings im Besitz einer Fahrerlaubnis der\u00a0Klasse BE sein und somit die Berechtigung haben einen Anh\u00e4nger im Stra\u00dfenverkehr zu f\u00fchren. Vielleicht haben Sie bereits eine Ballonfahrt aus der N\u00e4he gesehen, oder Sie sind selbst mitgefahren, und m\u00f6chten gerne [&hellip;]<\/p>\n","protected":false},"author":1,"featured_media":0,"parent":0,"menu_order":0,"comment_status":"closed","ping_status":"closed","template":"page-full-width.php","meta":{"footnotes":""},"class_list":["post-30","page","type-page","status-publish","hentry"],"_links":{"self":[{"href":"https:\/\/www.ballooning-adventure.nl\/de\/wp-json\/wp\/v2\/pages\/30","targetHints":{"allow":["GET"]}}],"collection":[{"href":"https:\/\/www.ballooning-adventure.nl\/de\/wp-json\/wp\/v2\/pages"}],"about":[{"href":"https:\/\/www.ballooning-adventure.nl\/de\/wp-json\/wp\/v2\/types\/page"}],"author":[{"embeddable":true,"href":"https:\/\/www.ballooning-adventure.nl\/de\/wp-json\/wp\/v2\/users\/1"}],"replies":[{"embeddable":true,"href":"https:\/\/www.ballooning-adventure.nl\/de\/wp-json\/wp\/v2\/comments?post=30"}],"version-history":[{"count":35,"href":"https:\/\/www.ballooning-adventure.nl\/de\/wp-json\/wp\/v2\/pages\/30\/revisions"}],"predecessor-version":[{"id":1019,"href":"https:\/\/www.ballooning-adventure.nl\/de\/wp-json\/wp\/v2\/pages\/30\/revisions\/1019"}],"wp:attachment":[{"href":"https:\/\/www.ballooning-adventure.nl\/de\/wp-json\/wp\/v2\/media?parent=30"}],"curies":[{"name":"wp","href":"https:\/\/api.w.org\/{rel}","templated":true}]}}