{"id":262,"date":"2015-06-14T18:11:56","date_gmt":"2015-06-14T18:11:56","guid":{"rendered":"https:\/\/www.ballooning-adventure.nl\/?page_id=262"},"modified":"2015-06-17T18:27:54","modified_gmt":"2015-06-17T16:27:54","slug":"vip-vaart","status":"publish","type":"page","link":"https:\/\/www.ballooning-adventure.nl\/de\/vip-vaart\/","title":{"rendered":"Vip Fahrt"},"content":{"rendered":"<p><\/p>\n<h3><strong><span style=\"color: #ff9900;\">VIP Ballonfahrt..<\/span><\/strong><\/h3>\n<p>Wir k\u00f6nnen Ihnen auch eine exklusive Ballonfahrt f\u00fcr 2 oder 3 Personen anbieten.<br \/>\nNach der Ballonfahrt werden Sie in den &#8218;Adelsstand&#8216; erhoben und erhalten Sie ein Glas Champagner und ein Urkunde mit den Fahrtdaten. Anschlie\u00dfend werden wir in einem gem\u00fctlichen Gasthaus unter dem Genuss eines guten Getr\u00e4nkes ein unvergessliches Erlebnis ausklingen lassen. F\u00fcr ein Angebot k\u00f6nnen Sie uns jederzeit <span style=\"color: #ff9900;\"><a href=\"https:\/\/www.ballooning-adventure.nl\/de\/contact\/\">anrufen!<\/a><\/span><\/p>\n<p><a href=\"https:\/\/www.ballooning-adventure.nl\/wp-content\/uploads\/2015\/06\/IMG_9642.jpg\"><img loading=\"lazy\" decoding=\"async\" class=\"aligncenter wp-image-536 size-full\" src=\"https:\/\/www.ballooning-adventure.nl\/wp-content\/uploads\/2015\/06\/IMG_9642.jpg\" alt=\"IMG_9642\" width=\"600\" height=\"386\" srcset=\"https:\/\/www.ballooning-adventure.nl\/wp-content\/uploads\/2015\/06\/IMG_9642.jpg 600w, https:\/\/www.ballooning-adventure.nl\/wp-content\/uploads\/2015\/06\/IMG_9642-300x193.jpg 300w\" sizes=\"auto, (max-width: 600px) 100vw, 600px\" \/><\/a><\/p>","protected":false},"excerpt":{"rendered":"<p>VIP Ballonfahrt.. Wir k\u00f6nnen Ihnen auch eine exklusive Ballonfahrt f\u00fcr 2 oder 3 Personen anbieten. Nach der Ballonfahrt werden Sie in den &#8218;Adelsstand&#8216; erhoben und erhalten Sie ein Glas Champagner und ein Urkunde mit den Fahrtdaten. Anschlie\u00dfend werden wir in einem gem\u00fctlichen Gasthaus unter dem Genuss eines guten Getr\u00e4nkes ein unvergessliches Erlebnis ausklingen lassen. F\u00fcr [&hellip;]<\/p>\n","protected":false},"author":1,"featured_media":0,"parent":0,"menu_order":0,"comment_status":"closed","ping_status":"closed","template":"page-full-width.php","meta":{"footnotes":""},"class_list":["post-262","page","type-page","status-publish","hentry"],"_links":{"self":[{"href":"https:\/\/www.ballooning-adventure.nl\/de\/wp-json\/wp\/v2\/pages\/262","targetHints":{"allow":["GET"]}}],"collection":[{"href":"https:\/\/www.ballooning-adventure.nl\/de\/wp-json\/wp\/v2\/pages"}],"about":[{"href":"https:\/\/www.ballooning-adventure.nl\/de\/wp-json\/wp\/v2\/types\/page"}],"author":[{"embeddable":true,"href":"https:\/\/www.ballooning-adventure.nl\/de\/wp-json\/wp\/v2\/users\/1"}],"replies":[{"embeddable":true,"href":"https:\/\/www.ballooning-adventure.nl\/de\/wp-json\/wp\/v2\/comments?post=262"}],"version-history":[{"count":10,"href":"https:\/\/www.ballooning-adventure.nl\/de\/wp-json\/wp\/v2\/pages\/262\/revisions"}],"predecessor-version":[{"id":751,"href":"https:\/\/www.ballooning-adventure.nl\/de\/wp-json\/wp\/v2\/pages\/262\/revisions\/751"}],"wp:attachment":[{"href":"https:\/\/www.ballooning-adventure.nl\/de\/wp-json\/wp\/v2\/media?parent=262"}],"curies":[{"name":"wp","href":"https:\/\/api.w.org\/{rel}","templated":true}]}}