{"id":24,"date":"2015-06-13T18:40:56","date_gmt":"2015-06-13T18:40:56","guid":{"rendered":"https:\/\/www.ballooning-adventure.nl\/?page_id=24"},"modified":"2021-06-06T21:39:11","modified_gmt":"2021-06-06T19:39:11","slug":"homepage","status":"publish","type":"page","link":"https:\/\/www.ballooning-adventure.nl\/de\/","title":{"rendered":"Willkommen"},"content":{"rendered":"<p><\/p>\n<h3><span style=\"color: #ff9900;\"><strong>Willkommen auf unsere site Ballooning Adventure,<\/strong><\/span><\/h3>\n<p>Wir organisieren seit 1994 unvergessliche und sichere Ballonfahrten. Wir hei\u00dfen Sie herzlich willkommen an Bord unserer Hei\u00dfluftballone. \u00a0Im Anschluss nach der fahrt sto\u00dfen\u00a0 wir gemeinsam mit einem Glas Champagner auf ihr Wohl und das Erlebte Abenteuer an. Zum Schluss erhalten Sie eine Urkunde.<\/p>\n<h3><a href=\"https:\/\/www.ballooning-adventure.nl\/wp-content\/uploads\/2021\/06\/180673188_2290499077750291_4995729275346991419_n-1.jpg\"><img loading=\"lazy\" decoding=\"async\" class=\" wp-image-962 alignleft\" src=\"https:\/\/www.ballooning-adventure.nl\/wp-content\/uploads\/2021\/06\/180673188_2290499077750291_4995729275346991419_n-1-300x225.jpg\" alt=\"\" width=\"361\" height=\"271\" srcset=\"https:\/\/www.ballooning-adventure.nl\/wp-content\/uploads\/2021\/06\/180673188_2290499077750291_4995729275346991419_n-1-300x225.jpg 300w, https:\/\/www.ballooning-adventure.nl\/wp-content\/uploads\/2021\/06\/180673188_2290499077750291_4995729275346991419_n-1-1024x768.jpg 1024w, https:\/\/www.ballooning-adventure.nl\/wp-content\/uploads\/2021\/06\/180673188_2290499077750291_4995729275346991419_n-1-768x576.jpg 768w, https:\/\/www.ballooning-adventure.nl\/wp-content\/uploads\/2021\/06\/180673188_2290499077750291_4995729275346991419_n-1-1536x1152.jpg 1536w, https:\/\/www.ballooning-adventure.nl\/wp-content\/uploads\/2021\/06\/180673188_2290499077750291_4995729275346991419_n-1.jpg 2048w\" sizes=\"auto, (max-width: 361px) 100vw, 361px\" \/><\/a><\/h3>\n<h3><span style=\"color: #ff9900;\"><strong>Unsere starken Seiten.<\/strong><\/span><\/h3>\n<ul>\n<li>Wenn Sie w\u00fcnschen starten wir von ihrem eigenen Wohnort aus.<\/li>\n<li>Wir bem\u00fchen uns um anderthalb Stunden zu fahren.<\/li>\n<li>Ballonfahrten finden nur bei gutem Wetter und bei mindestens 10 km Sicht statt.<\/li>\n<li>Bis zu 6 Personen finden Platz im Korb, so dass pers\u00f6nliche Aufmerksamkeit und Erl\u00e4uterung des Piloten m\u00f6glich sind.<\/li>\n<li>Erfahrene und lizenzierte Piloten, die von uns Ausgebildet sind.<\/li>\n<\/ul>\n<p>https:\/\/youtu.be\/bvdjmaT6axE<\/p>","protected":false},"excerpt":{"rendered":"<p>Willkommen auf unsere site Ballooning Adventure, Wir organisieren seit 1994 unvergessliche und sichere Ballonfahrten. Wir hei\u00dfen Sie herzlich willkommen an Bord unserer Hei\u00dfluftballone. \u00a0Im Anschluss nach der fahrt sto\u00dfen\u00a0 wir gemeinsam mit einem Glas Champagner auf ihr Wohl und das Erlebte Abenteuer an. Zum Schluss erhalten Sie eine Urkunde. Unsere starken Seiten. Wenn Sie w\u00fcnschen [&hellip;]<\/p>\n","protected":false},"author":1,"featured_media":0,"parent":0,"menu_order":0,"comment_status":"closed","ping_status":"closed","template":"page-full-width.php","meta":{"footnotes":""},"class_list":["post-24","page","type-page","status-publish","hentry"],"_links":{"self":[{"href":"https:\/\/www.ballooning-adventure.nl\/de\/wp-json\/wp\/v2\/pages\/24","targetHints":{"allow":["GET"]}}],"collection":[{"href":"https:\/\/www.ballooning-adventure.nl\/de\/wp-json\/wp\/v2\/pages"}],"about":[{"href":"https:\/\/www.ballooning-adventure.nl\/de\/wp-json\/wp\/v2\/types\/page"}],"author":[{"embeddable":true,"href":"https:\/\/www.ballooning-adventure.nl\/de\/wp-json\/wp\/v2\/users\/1"}],"replies":[{"embeddable":true,"href":"https:\/\/www.ballooning-adventure.nl\/de\/wp-json\/wp\/v2\/comments?post=24"}],"version-history":[{"count":49,"href":"https:\/\/www.ballooning-adventure.nl\/de\/wp-json\/wp\/v2\/pages\/24\/revisions"}],"predecessor-version":[{"id":1010,"href":"https:\/\/www.ballooning-adventure.nl\/de\/wp-json\/wp\/v2\/pages\/24\/revisions\/1010"}],"wp:attachment":[{"href":"https:\/\/www.ballooning-adventure.nl\/de\/wp-json\/wp\/v2\/media?parent=24"}],"curies":[{"name":"wp","href":"https:\/\/api.w.org\/{rel}","templated":true}]}}