{"id":19,"date":"2015-06-13T20:37:55","date_gmt":"2015-06-13T18:37:55","guid":{"rendered":"https:\/\/www.ballooning-adventure.nl\/?page_id=19"},"modified":"2021-06-06T21:37:44","modified_gmt":"2021-06-06T19:37:44","slug":"ballonvaren-is","status":"publish","type":"page","link":"https:\/\/www.ballooning-adventure.nl\/de\/ballonvaren-is\/","title":{"rendered":"Ballonfahren ist&#8230;"},"content":{"rendered":"<p><\/p>\n<h3><span style=\"color: #ff9900;\"><strong>Was ist ballonfahren?<\/strong><\/span><\/h3>\n<p>Eine Erfahrung, die niemand verpassen sollte. Das Gef\u00fchl von Raum und Freiheit, eine fantastische Aussicht \u00fcber St\u00e4dte und Landschaften. Dies alles h\u00e4ngend unter einer hei\u00dfen Luftblase.<br \/>\nF\u00fcr jedermann mit recht ein &#8218;Luftiges Abenteuer&#8216;. Wir verf\u00fcgen \u00fcber jahrelange Erfahrung im Ballonfahren. Mit jeder Ballonfahrt erleben wir eine Menge Spa\u00df, und unsere Piloten und Besatzungsmitglieder werden sich zu 100% Bem\u00fchen um aus der Ballonfahrt ein unvergessliches Erlebnis zu machen.<\/p>\n<h3><a href=\"https:\/\/www.ballooning-adventure.nl\/wp-content\/uploads\/2021\/06\/11187271_691036564363225_1194761857920733545_o.jpg\"><img loading=\"lazy\" decoding=\"async\" class=\" wp-image-958 alignleft\" src=\"https:\/\/www.ballooning-adventure.nl\/wp-content\/uploads\/2021\/06\/11187271_691036564363225_1194761857920733545_o-300x200.jpg\" alt=\"\" width=\"350\" height=\"233\" srcset=\"https:\/\/www.ballooning-adventure.nl\/wp-content\/uploads\/2021\/06\/11187271_691036564363225_1194761857920733545_o-300x200.jpg 300w, https:\/\/www.ballooning-adventure.nl\/wp-content\/uploads\/2021\/06\/11187271_691036564363225_1194761857920733545_o-768x512.jpg 768w, https:\/\/www.ballooning-adventure.nl\/wp-content\/uploads\/2021\/06\/11187271_691036564363225_1194761857920733545_o.jpg 1024w\" sizes=\"auto, (max-width: 350px) 100vw, 350px\" \/><\/a><\/h3>\n<h3><span style=\"color: #ff9900;\"><strong>Und wo?<\/strong><\/span><\/h3>\n<p>Wir starten oft in der Region Twente oder Gronau\/Ochtrup, aber wenn Sie f\u00fcr mindestens 4 Personen einen Flug buchen, k\u00f6nnen wir praktisch von jedem Ort aus starten, wenn n\u00f6tig, auch aus Ihrem Garten (wenn dieser gro\u00df genug ist &#8230;.)<\/p>\n<h3><span style=\"color: #ff9900;\"><strong>Darf ik mitfahren?<\/strong><\/span><\/h3>\n<p>Jeder der gesund ist und gut laufen kann darf mitfahren.<br \/>\nUnser \u00e4ltester Fahrgast war 90 Jahre!<br \/>\nWir nehmen nur Kinder in Begleitung von mindestens einem Elternteil mit. Sie m\u00fcssen eine Mindestl\u00e4nge von 1,30 Meter haben, sonst k\u00f6nnen sie auch nicht \u00fcber den Rand des Korbes sehen.<\/p>\n<h3><span style=\"color: #ff9900;\"><strong>Die Vorbereitung?<\/strong><\/span><\/h3>\n<p>Unsere Crew wird unter Leitung des Piloten den Korb aufbauen. Dann werden der Brenner, der H\u00f6henmesser, die Funkanlage und der GPS (dies ist ein Ger\u00e4t, das die Geschwindigkeit und Richtung registriert) getestet um sicher zu sein das alles funktioniert. Danach kippen wir den Korb.<\/p>\n<p><a href=\"https:\/\/www.ballooning-adventure.nl\/wp-content\/uploads\/2021\/06\/117293184_2040114002788801_3849370660520093119_n.jpg\"><img loading=\"lazy\" decoding=\"async\" class=\"aligncenter wp-image-952\" src=\"https:\/\/www.ballooning-adventure.nl\/wp-content\/uploads\/2021\/06\/117293184_2040114002788801_3849370660520093119_n-300x225.jpg\" alt=\"\" width=\"423\" height=\"317\" srcset=\"https:\/\/www.ballooning-adventure.nl\/wp-content\/uploads\/2021\/06\/117293184_2040114002788801_3849370660520093119_n-300x225.jpg 300w, https:\/\/www.ballooning-adventure.nl\/wp-content\/uploads\/2021\/06\/117293184_2040114002788801_3849370660520093119_n-768x576.jpg 768w, https:\/\/www.ballooning-adventure.nl\/wp-content\/uploads\/2021\/06\/117293184_2040114002788801_3849370660520093119_n.jpg 960w\" sizes=\"auto, (max-width: 423px) 100vw, 423px\" \/><\/a><\/p>\n<p>Den Ballon verbinden wir an den Brennerrahmen. Die Linien f\u00fcr die Zellenradschleusen und den Fallschirm (dies erm\u00f6glicht es hei\u00dfe Luft raus zu lassen um ab zu steigen) werden befestigt.<br \/>\nDann wird der Ballon mittels eines Ventilators mit kalter Luft gef\u00fcllt.<br \/>\nWenn der Ballon voll ist, verwenden wir den Propangasbrenner zur Erw\u00e4rmung der kalten Luft. Wenn sich der Ballon erhitzt, kommt er langsam in eine aufrechte Position. Alles wird noch einmal gepr\u00fcft, und die Passagiere k\u00f6nnen an Bord!<\/p>\n<h3><span style=\"color: #ff9900;\"><strong>Und dann endlicht.. die Ballonfahrt..<br \/>\n<\/strong><\/span><\/h3>\n<p>Der Ballon wird intern auf 80 bis 100 Grad Celsius erhitzt. Irgendwann haben wir genug &#8218;Lift&#8216; zum Aufsteigen. Die Erde wird langsam immer kleiner und die Aussicht immer sch\u00f6ner. Sie f\u00fchlen sich so leicht wie eine Feder, es ist unglaublich friedlich und ruhig. Das einzige Ger\u00e4usch welches Sie ab und zu h\u00f6ren ist die Z\u00fcndung des Brenners. Der Pilot wird Sie w\u00e4hrend der Reise auf verschiedene Sehensw\u00fcrdigkeiten hinweisen, und Ihnen notwendige Erl\u00e4uterungen \u00fcber Ballonfahren geben. Nach ca. 1\u00bc Stunden sucht der Pilot einen ge\u00ebigneten Landeplatz, um nach ca. 1\u00bd Stunden zu landen. Die Crew wird den Grundeigent\u00fcmer fragen ob der Ballon von der Wiese geholt werden darf. Wenn dieser zustimmt wird der Ballon abgebaut und in den Anh\u00e4nger gepackt.<\/p>\n<p><a href=\"https:\/\/www.ballooning-adventure.nl\/wp-content\/uploads\/2021\/06\/117302041_2040114069455461_650498878111325769_n.jpg\"><img loading=\"lazy\" decoding=\"async\" class=\"wp-image-953 alignleft\" src=\"https:\/\/www.ballooning-adventure.nl\/wp-content\/uploads\/2021\/06\/117302041_2040114069455461_650498878111325769_n-300x225.jpg\" alt=\"\" width=\"429\" height=\"322\" srcset=\"https:\/\/www.ballooning-adventure.nl\/wp-content\/uploads\/2021\/06\/117302041_2040114069455461_650498878111325769_n-300x225.jpg 300w, https:\/\/www.ballooning-adventure.nl\/wp-content\/uploads\/2021\/06\/117302041_2040114069455461_650498878111325769_n-768x576.jpg 768w, https:\/\/www.ballooning-adventure.nl\/wp-content\/uploads\/2021\/06\/117302041_2040114069455461_650498878111325769_n.jpg 960w\" sizes=\"auto, (max-width: 429px) 100vw, 429px\" \/><\/a><\/p>\n<h3><span style=\"color: #ff9900;\"><strong>Die Tauffeier<br \/>\n<\/strong><\/span><\/h3>\n<p>Die Passagiere werden gebeten Platz zu nehmen; es wird etwas \u00fcber die Geschichte und die Entstehung von Ballonfahrten erz\u00e4hlt. Anschlie\u00dfend werden sie mit Champagner in den &#8218;Adelsstand&#8216; erhoben. Alle Fahrg\u00e4ste erhalten ein Urkunde mit allen Fahrtdaten und Informationen \u00fcber ihre Ballonfahrt.<br \/>\nAnschlie\u00dfend bringen wir unsere Fahrg\u00e4ste zur\u00fcck zum Startplatz.<\/p>\n<h3><strong><span style=\"color: #ff9900;\">H\u00f6henangst&#8230;<\/span><\/strong><\/h3>\n<p>Haben Sie auch H\u00f6henangst&#8230;<\/p>\n<p>Wir werden sehr oft angesprochen von Leuten die H\u00f6henangst haben und trotzdem gerne eine Ballonfahrt machen wollen. Wir k\u00f6nnen Ihnen versichern, wenn Sie in der Luft schweben und nicht nach unten sondern voraus schauen, Sie nicht unter H\u00f6henangst leiden werden. Wir raten G\u00e4sten mit H\u00f6henangst: kommen Sie und versuchen Sie es. Wir werden langsam aufsteigen, die ersten 10 Minuten wird es ein wenig ungewohnt sein.<br \/>\nWenn Sie wirklich nicht l\u00e4nger im Korb bleiben wollen, werden wir den n\u00e4chsten Landeplatz anfahren und k\u00f6nnen Sie mit der Crew im Auto mitfahren.<br \/>\nViele Menschen bef\u00fcrchten das der Korb wackelt, aber wir k\u00f6nnen Ihnen versichern, der Korb h\u00e4ngt ganz still.<\/p>\n<h3><strong><span style=\"color: #ff9900;\">Kleidung..<\/span><\/strong><\/h3>\n<p>Wir empfehlen Ihnen sportliche Kleidung und festes Schuhwerk zu tragen w\u00e4hrend einer Ballonfahrt.<\/p>","protected":false},"excerpt":{"rendered":"<p>Was ist ballonfahren? Eine Erfahrung, die niemand verpassen sollte. Das Gef\u00fchl von Raum und Freiheit, eine fantastische Aussicht \u00fcber St\u00e4dte und Landschaften. Dies alles h\u00e4ngend unter einer hei\u00dfen Luftblase. F\u00fcr jedermann mit recht ein &#8218;Luftiges Abenteuer&#8216;. Wir verf\u00fcgen \u00fcber jahrelange Erfahrung im Ballonfahren. Mit jeder Ballonfahrt erleben wir eine Menge Spa\u00df, und unsere Piloten und [&hellip;]<\/p>\n","protected":false},"author":1,"featured_media":0,"parent":0,"menu_order":0,"comment_status":"closed","ping_status":"closed","template":"page-full-width.php","meta":{"footnotes":""},"class_list":["post-19","page","type-page","status-publish","hentry"],"_links":{"self":[{"href":"https:\/\/www.ballooning-adventure.nl\/de\/wp-json\/wp\/v2\/pages\/19","targetHints":{"allow":["GET"]}}],"collection":[{"href":"https:\/\/www.ballooning-adventure.nl\/de\/wp-json\/wp\/v2\/pages"}],"about":[{"href":"https:\/\/www.ballooning-adventure.nl\/de\/wp-json\/wp\/v2\/types\/page"}],"author":[{"embeddable":true,"href":"https:\/\/www.ballooning-adventure.nl\/de\/wp-json\/wp\/v2\/users\/1"}],"replies":[{"embeddable":true,"href":"https:\/\/www.ballooning-adventure.nl\/de\/wp-json\/wp\/v2\/comments?post=19"}],"version-history":[{"count":55,"href":"https:\/\/www.ballooning-adventure.nl\/de\/wp-json\/wp\/v2\/pages\/19\/revisions"}],"predecessor-version":[{"id":1009,"href":"https:\/\/www.ballooning-adventure.nl\/de\/wp-json\/wp\/v2\/pages\/19\/revisions\/1009"}],"wp:attachment":[{"href":"https:\/\/www.ballooning-adventure.nl\/de\/wp-json\/wp\/v2\/media?parent=19"}],"curies":[{"name":"wp","href":"https:\/\/api.w.org\/{rel}","templated":true}]}}