{"id":153,"date":"2015-06-13T22:20:33","date_gmt":"2015-06-13T22:20:33","guid":{"rendered":"https:\/\/www.ballooning-adventure.nl\/?page_id=153"},"modified":"2021-06-06T19:22:19","modified_gmt":"2021-06-06T17:22:19","slug":"ballonvaart-waardecheque","status":"publish","type":"page","link":"https:\/\/www.ballooning-adventure.nl\/de\/ballonvaart-waardecheque\/","title":{"rendered":"Geschenk Idee"},"content":{"rendered":"<p><strong><span style=\"color: #ff9900;\">Ballonfahrt Gutschein&#8230;<\/span><\/strong><\/p>\n<p>Wenn Sie die absicht haben einen guten Freund oder einen Gesch\u00e4ftspartner zu \u00fcberraschen ist dies m\u00f6glich mit unserem Ballonfahrt-Gutschein. Eines ist sicher mit einer\u00a0Ballonfahrt wird f\u00fcr Sie ein Traum zur Realit\u00e4t und immer in Erinnerung bleiben.<br \/>\nSie k\u00f6nnen diesen Gutschein verschenken, und der Empf\u00e4nger kann einen Termin mit uns vereinbaren.<\/p>\n<p>Um zu erfahren, was eine Ballonfahrt kostet, \u00a0klicken Sie bitte <span style=\"color: #ff9900;\"><a href=\"https:\/\/www.ballooning-adventure.nl\/de\/prijzen\/\">hier.<\/a><\/span><\/p>\n<p><img loading=\"lazy\" decoding=\"async\" class=\"aligncenter wp-image-669 size-large\" src=\"https:\/\/www.ballooning-adventure.nl\/wp-content\/uploads\/2015\/06\/Cheque1-1024x487.jpg\" alt=\"Cheque\" width=\"640\" height=\"304\" srcset=\"https:\/\/www.ballooning-adventure.nl\/wp-content\/uploads\/2015\/06\/Cheque1-1024x487.jpg 1024w, https:\/\/www.ballooning-adventure.nl\/wp-content\/uploads\/2015\/06\/Cheque1-300x143.jpg 300w\" sizes=\"auto, (max-width: 640px) 100vw, 640px\" \/><\/p>","protected":false},"excerpt":{"rendered":"<p>Ballonfahrt Gutschein&#8230; Wenn Sie die absicht haben einen guten Freund oder einen Gesch\u00e4ftspartner zu \u00fcberraschen ist dies m\u00f6glich mit unserem Ballonfahrt-Gutschein. Eines ist sicher mit einer\u00a0Ballonfahrt wird f\u00fcr Sie ein Traum zur Realit\u00e4t und immer in Erinnerung bleiben. Sie k\u00f6nnen diesen Gutschein verschenken, und der Empf\u00e4nger kann einen Termin mit uns vereinbaren. Um zu erfahren, [&hellip;]<\/p>\n","protected":false},"author":1,"featured_media":0,"parent":0,"menu_order":0,"comment_status":"closed","ping_status":"closed","template":"page-full-width.php","meta":{"footnotes":""},"class_list":["post-153","page","type-page","status-publish","hentry"],"_links":{"self":[{"href":"https:\/\/www.ballooning-adventure.nl\/de\/wp-json\/wp\/v2\/pages\/153","targetHints":{"allow":["GET"]}}],"collection":[{"href":"https:\/\/www.ballooning-adventure.nl\/de\/wp-json\/wp\/v2\/pages"}],"about":[{"href":"https:\/\/www.ballooning-adventure.nl\/de\/wp-json\/wp\/v2\/types\/page"}],"author":[{"embeddable":true,"href":"https:\/\/www.ballooning-adventure.nl\/de\/wp-json\/wp\/v2\/users\/1"}],"replies":[{"embeddable":true,"href":"https:\/\/www.ballooning-adventure.nl\/de\/wp-json\/wp\/v2\/comments?post=153"}],"version-history":[{"count":25,"href":"https:\/\/www.ballooning-adventure.nl\/de\/wp-json\/wp\/v2\/pages\/153\/revisions"}],"predecessor-version":[{"id":937,"href":"https:\/\/www.ballooning-adventure.nl\/de\/wp-json\/wp\/v2\/pages\/153\/revisions\/937"}],"wp:attachment":[{"href":"https:\/\/www.ballooning-adventure.nl\/de\/wp-json\/wp\/v2\/media?parent=153"}],"curies":[{"name":"wp","href":"https:\/\/api.w.org\/{rel}","templated":true}]}}